{"id":10,"date":"2022-10-18T03:35:23","date_gmt":"2022-10-18T03:35:23","guid":{"rendered":"http:\/\/joatapinheiro-001-site4.itempurl.com\/?page_id=10"},"modified":"2024-07-23T12:27:12","modified_gmt":"2024-07-23T15:27:12","slug":"quem-somos","status":"publish","type":"page","link":"https:\/\/mmc.org.br\/index.php\/quem-somos\/","title":{"rendered":"Quem Somos"},"content":{"rendered":"\n<div class=\"wp-block-media-text alignwide is-stacked-on-mobile\" style=\"grid-template-columns:26% auto\"><figure class=\"wp-block-media-text__media\"><img loading=\"lazy\" decoding=\"async\" width=\"240\" height=\"168\" src=\"https:\/\/mmc.org.br\/wp-content\/uploads\/2024\/07\/cropped-MAVERICK-PNGG.png\" alt=\"\" class=\"wp-image-794 size-full\"\/><\/figure><div class=\"wp-block-media-text__content\">\n<div class=\"wp-block-group\"><div class=\"wp-block-group__inner-container is-layout-constrained wp-block-group-is-layout-constrained\">\n<div class=\"wp-block-group\"><div class=\"wp-block-group__inner-container is-layout-constrained wp-block-group-is-layout-constrained\">\n<div class=\"wp-block-group\"><div class=\"wp-block-group__inner-container is-layout-constrained wp-block-group-is-layout-constrained\">\n<hr \/>\n<p><span style=\"color: #993300;\"><span style=\"letter-spacing: .4pt;\">O Maverick \u00e9 uma organiza\u00e7\u00e3o sem fins lucrativos, um motoclub, pautado pelo Respeito e Igualdade das pessoas, zela pelas leis de tr\u00e2nsito e suas regras, promove a filosofia biker em suas viagens, reuni\u00f5es e na condu\u00e7\u00e3o do motoclub, promove a\u00e7\u00f5es sociais nas comunidades onde estamos inseridos, Cremos em Deus e respeitamos a liberdade de express\u00e3o religiosa. \u00a0<\/span><\/span><!--more--><\/p>\n<p class=\"has-text-align-left\"><i><span style=\"letter-spacing: .4pt;\"><\/p>\n\n\n\n<p class=\"has-text-align-left has-black-color has-text-color has-small-font-size\" style=\"font-style:italic;font-weight:300;letter-spacing:0.5px\"><\/p>\n\n\n\n<p class=\"has-text-align-left has-black-color has-text-color has-small-font-size\" style=\"font-style:italic;font-weight:300;letter-spacing:0.5px\"><\/p>\n<\/div><\/div>\n<\/div><\/div>\n<\/div><\/div>\n<\/div><\/div>\n\n\n\n<div class=\"wp-block-media-text alignwide has-media-on-the-right is-stacked-on-mobile\" style=\"grid-template-columns:auto 25%\"><div class=\"wp-block-media-text__content\">\n<p class=\"has-text-align-left\"><span style=\"color: #993300;\"><span style=\"letter-spacing: .4pt;\">Nosso nome, \u201cMaverick\u201d<br \/>foi escolhido por sua defini\u00e7\u00e3o e significado, que \u00e9 aderente ao prop\u00f3sito do<br \/>grupo. Esse nome tem origem na palavra inglesa maverick, a qual significa<br \/>&#8220;independente&#8221;, relativo a uma pessoa, que pensa por si mesma, e se<br \/>comporta com autonomia. \u00a0 <\/span><\/span><\/p>\n<p>\n\n\n\n<p class=\"has-text-align-left has-black-color has-text-color has-small-font-size\" style=\"font-style:italic;font-weight:300;letter-spacing:0.5px\"><\/p>\n<\/div><figure class=\"wp-block-media-text__media\"><img loading=\"lazy\" decoding=\"async\" width=\"1024\" height=\"768\" src=\"https:\/\/mmc.org.br\/wp-content\/uploads\/2022\/12\/WhatsApp-Image-2022-12-04-at-21.30.53-1.jpeg\" alt=\"\" class=\"wp-image-669 size-full\" srcset=\"https:\/\/mmc.org.br\/wp-content\/uploads\/2022\/12\/WhatsApp-Image-2022-12-04-at-21.30.53-1.jpeg 1024w, https:\/\/mmc.org.br\/wp-content\/uploads\/2022\/12\/WhatsApp-Image-2022-12-04-at-21.30.53-1-300x225.jpeg 300w, https:\/\/mmc.org.br\/wp-content\/uploads\/2022\/12\/WhatsApp-Image-2022-12-04-at-21.30.53-1-768x576.jpeg 768w\" sizes=\"auto, (max-width: 1024px) 100vw, 1024px\" \/><\/figure><\/div>\n\n\n\n<h2 class=\"wp-block-heading\">&#8221; SEJA A HIST\u00d3RIA QUE DESEJA CONTAR&#8221;. <\/h2>\n\n\n\n<p><\/p>\n\n\n\n<div class=\"wp-block-media-text is-stacked-on-mobile alignwide\" style=\"grid-template-columns:28% auto\"><figure class=\"wp-block-media-text__media\"><img loading=\"lazy\" decoding=\"async\" width=\"512\" height=\"414\" src=\"https:\/\/mmc.org.br\/wp-content\/uploads\/2022\/10\/revisao.png\" alt=\"\" class=\"wp-image-649 size-full\" srcset=\"https:\/\/mmc.org.br\/wp-content\/uploads\/2022\/10\/revisao.png 512w, https:\/\/mmc.org.br\/wp-content\/uploads\/2022\/10\/revisao-300x243.png 300w\" sizes=\"auto, (max-width: 512px) 100vw, 512px\" \/><\/figure><div class=\"wp-block-media-text__content\">\n<p class=\"has-text-align-left\"><span style=\"letter-spacing: .4pt;\"><span style=\"color: #993300;\">Nosso Slogam,<\/span><\/span><i><span style=\"letter-spacing: .4pt;\"><br \/><\/span><\/i><\/p>\n<hr \/>\n<p>\n\n\n\n<p class=\"has-text-align-left has-black-color has-text-color has-small-font-size\" style=\"font-style:italic;font-weight:300;letter-spacing:0.5px\"><\/p>\n\n\n\n<p class=\"has-text-align-left has-black-color has-text-color has-small-font-size\" style=\"font-style:italic;font-weight:300;letter-spacing:0.5px\"><\/p>\n<\/div><\/div>\n\n\n<\/div>\n<\/div>\n<p><!-- \/wp:post-content --><\/p>\n<p><!-- wp:group {\"layout\":{\"type\":\"constrained\"},\"fontSize\":\"small\"} --><\/p>\n<div class=\"wp-block-group has-small-font-size\"><!-- wp:group {\"textColor\":\"black\",\"layout\":{\"type\":\"constrained\"},\"fontSize\":\"small\"} --><\/p>\n<div class=\"wp-block-group has-black-color has-text-color has-small-font-size\"><!-- wp:freeform --><\/p>\n<p class=\"has-text-align-left\"><i><span style=\"letter-spacing: .4pt;\">Nossa unidade,\u00a0visa inserir a filosofia biker dentro da sociedade que estamos inseridos, e que est\u00e1 filosofia passa a fazer parte da viv\u00eancia do dia a dia das pessoas, que possamos inspirar pessoas atrav\u00e9s de nossa paix\u00e3o pelo motociclismo, gerar oportunidade atrav\u00e9s de Projetos de inclus\u00e3o, para a constru\u00e7\u00e3o de uma comunidade mais solid\u00e1ria, para que as pessoas possam se respeitar mais e tem uma vida mais humanizada e melhor.\u00a0<\/span><\/i><\/p>\n<p class=\"has-text-align-left\"><i><span style=\"letter-spacing: .4pt;\">O maverick motoclub, busca ser refer\u00eancia na promo\u00e7\u00e3o do respeito e da igualdade atrav\u00e9s do elo que nos une a paix\u00e3o pelo motociclismo.<\/span><\/i><\/p>\n<p><!-- \/wp:freeform --><!-- wp:paragraph {\"align\":\"left\",\"style\":{\"typography\":{\"fontStyle\":\"italic\",\"fontWeight\":\"300\",\"letterSpacing\":\"0.5px\"}},\"textColor\":\"black\",\"fontSize\":\"small\"} --><\/p>\n<p><!-- \/wp:paragraph --><\/p>\n<p><!-- \/wp:group --><\/div>\n<p><!-- \/wp:group --><\/div>\n<p><!-- \/wp:group --><\/p>","protected":false},"excerpt":{"rendered":"<p>O Maverick \u00e9 uma organiza\u00e7\u00e3o sem fins lucrativos, um motoclub, pautado pelo Respeito e Igualdade das pessoas, zela pelas leis de tr\u00e2nsito e suas regras, promove a filosofia biker em suas viagens, reuni\u00f5es e na condu\u00e7\u00e3o do motoclub, promove a\u00e7\u00f5es sociais nas comunidades onde estamos inseridos, Cremos em Deus e respeitamos a liberdade de express\u00e3o [&hellip;]<\/p>\n","protected":false},"author":2,"featured_media":0,"parent":0,"menu_order":0,"comment_status":"closed","ping_status":"closed","template":"","meta":{"footnotes":""},"class_list":["post-10","page","type-page","status-publish","hentry"],"_links":{"self":[{"href":"https:\/\/mmc.org.br\/index.php\/wp-json\/wp\/v2\/pages\/10","targetHints":{"allow":["GET"]}}],"collection":[{"href":"https:\/\/mmc.org.br\/index.php\/wp-json\/wp\/v2\/pages"}],"about":[{"href":"https:\/\/mmc.org.br\/index.php\/wp-json\/wp\/v2\/types\/page"}],"author":[{"embeddable":true,"href":"https:\/\/mmc.org.br\/index.php\/wp-json\/wp\/v2\/users\/2"}],"replies":[{"embeddable":true,"href":"https:\/\/mmc.org.br\/index.php\/wp-json\/wp\/v2\/comments?post=10"}],"version-history":[{"count":19,"href":"https:\/\/mmc.org.br\/index.php\/wp-json\/wp\/v2\/pages\/10\/revisions"}],"predecessor-version":[{"id":837,"href":"https:\/\/mmc.org.br\/index.php\/wp-json\/wp\/v2\/pages\/10\/revisions\/837"}],"wp:attachment":[{"href":"https:\/\/mmc.org.br\/index.php\/wp-json\/wp\/v2\/media?parent=10"}],"curies":[{"name":"wp","href":"https:\/\/api.w.org\/{rel}","templated":true}]}}