{"id":199,"date":"2022-10-27T03:18:20","date_gmt":"2022-10-27T00:18:20","guid":{"rendered":"http:\/\/joatapinheiro-001-site4.itempurl.com\/?page_id=199"},"modified":"2022-10-30T05:09:11","modified_gmt":"2022-10-30T02:09:11","slug":"missao-visao-valores","status":"publish","type":"page","link":"https:\/\/mmc.org.br\/","title":{"rendered":"Miss\u00e3o | Vis\u00e3o | Valores"},"content":{"rendered":"\n<div class=\"wp-block-media-text alignwide is-stacked-on-mobile\" style=\"grid-template-columns:41% auto\"><figure class=\"wp-block-media-text__media\"><img loading=\"lazy\" decoding=\"async\" width=\"1024\" height=\"718\" src=\"http:\/\/joatapinheiro-001-site4.itempurl.com\/wp-content\/uploads\/2022\/10\/LOGO-MAVERICK-SITE-1024x718.jpg\" alt=\"\" class=\"wp-image-401 size-full\" srcset=\"https:\/\/mmc.org.br\/wp-content\/uploads\/2022\/10\/LOGO-MAVERICK-SITE-1024x718.jpg 1024w, https:\/\/mmc.org.br\/wp-content\/uploads\/2022\/10\/LOGO-MAVERICK-SITE-300x210.jpg 300w, https:\/\/mmc.org.br\/wp-content\/uploads\/2022\/10\/LOGO-MAVERICK-SITE-768x539.jpg 768w, https:\/\/mmc.org.br\/wp-content\/uploads\/2022\/10\/LOGO-MAVERICK-SITE-1536x1078.jpg 1536w, https:\/\/mmc.org.br\/wp-content\/uploads\/2022\/10\/LOGO-MAVERICK-SITE-2048x1437.jpg 2048w\" sizes=\"auto, (max-width: 1024px) 100vw, 1024px\" \/><\/figure><div class=\"wp-block-media-text__content\">\n<p class=\"has-medium-font-size\"><strong>Miss\u00e3o<\/strong><br>Promover o c\u00f3digo biker dentro da sociedade motocicl\u00edstica para a constru\u00e7\u00e3o de uma comunidade mais solid\u00e1ria. Ser reconhecida como uma Organiza\u00e7\u00e3o que desenvolve Projetos que contribuem para a transforma\u00e7\u00e3o social.<\/p>\n\n\n\n<p class=\"has-medium-font-size\"><strong>Vis\u00e3o<\/strong><br>Inspirar pessoas atrav\u00e9s de nossa paix\u00e3o pelo Motociclismo. gerar oportunidade atrav\u00e9s de Projetos de inclus\u00e3o, para que as pessoas possam viver melhor.<\/p>\n\n\n\n<p class=\"has-medium-font-size\"><strong>Valores<\/strong><br>Ser refer\u00eancia na promo\u00e7\u00e3o do respeito, igualdade, honra e irmandade, atrav\u00e9s do elo que nos une, andar de Moto<\/p>\n<\/div><\/div>\n","protected":false},"excerpt":{"rendered":"<p>Miss\u00e3oPromover o c\u00f3digo biker dentro da sociedade motocicl\u00edstica para a constru\u00e7\u00e3o de uma comunidade mais solid\u00e1ria. Ser reconhecida como uma Organiza\u00e7\u00e3o que desenvolve Projetos que contribuem para a transforma\u00e7\u00e3o social. Vis\u00e3oInspirar pessoas atrav\u00e9s de nossa paix\u00e3o pelo Motociclismo. gerar oportunidade atrav\u00e9s de Projetos de inclus\u00e3o, para que as pessoas possam viver melhor. ValoresSer refer\u00eancia na [&hellip;]<\/p>\n","protected":false},"author":2,"featured_media":0,"parent":0,"menu_order":0,"comment_status":"closed","ping_status":"closed","template":"","meta":{"footnotes":""},"class_list":["post-199","page","type-page","status-publish","hentry"],"_links":{"self":[{"href":"https:\/\/mmc.org.br\/index.php\/wp-json\/wp\/v2\/pages\/199","targetHints":{"allow":["GET"]}}],"collection":[{"href":"https:\/\/mmc.org.br\/index.php\/wp-json\/wp\/v2\/pages"}],"about":[{"href":"https:\/\/mmc.org.br\/index.php\/wp-json\/wp\/v2\/types\/page"}],"author":[{"embeddable":true,"href":"https:\/\/mmc.org.br\/index.php\/wp-json\/wp\/v2\/users\/2"}],"replies":[{"embeddable":true,"href":"https:\/\/mmc.org.br\/index.php\/wp-json\/wp\/v2\/comments?post=199"}],"version-history":[{"count":17,"href":"https:\/\/mmc.org.br\/index.php\/wp-json\/wp\/v2\/pages\/199\/revisions"}],"predecessor-version":[{"id":436,"href":"https:\/\/mmc.org.br\/index.php\/wp-json\/wp\/v2\/pages\/199\/revisions\/436"}],"wp:attachment":[{"href":"https:\/\/mmc.org.br\/index.php\/wp-json\/wp\/v2\/media?parent=199"}],"curies":[{"name":"wp","href":"https:\/\/api.w.org\/{rel}","templated":true}]}}