{"id":210,"date":"2022-10-27T03:24:43","date_gmt":"2022-10-27T00:24:43","guid":{"rendered":"http:\/\/joatapinheiro-001-site4.itempurl.com\/?page_id=210"},"modified":"2022-12-05T03:00:45","modified_gmt":"2022-12-05T00:00:45","slug":"maverick-motoclub","status":"publish","type":"page","link":"https:\/\/mmc.org.br\/index.php\/maverick-motoclub\/","title":{"rendered":"Not\u00edcias"},"content":{"rendered":"\n<p>Dicas para viagem <\/p>\n\n\n\n<div class=\"wp-block-cover aligncenter our-features\" style=\"min-height:155px;aspect-ratio:unset;\"><span aria-hidden=\"true\" class=\"wp-block-cover__background has-background-dim\"><\/span><img decoding=\"async\" class=\"wp-block-cover__image-background wp-image-735\" alt=\"\" src=\"http:\/\/joatapinheiro-001-site4.itempurl.com\/wp-content\/themes\/driving-school-lite\/block-patterns\/images\/features-bg-img.png\" data-object-fit=\"cover\"\/><div class=\"wp-block-cover__inner-container is-layout-flow wp-block-cover-is-layout-flow\">\n<h2 class=\"has-text-align-center wp-block-heading\"><strong>Muitas situa\u00e7\u00f5es podem comprometer a seguran\u00e7a do motociclista. <\/strong><\/h2>\n<\/div><\/div>\n\n\n\n<div class=\"wp-block-media-text alignwide is-stacked-on-mobile\" style=\"grid-template-columns:32% auto\"><figure class=\"wp-block-media-text__media\"><img loading=\"lazy\" decoding=\"async\" width=\"668\" height=\"472\" src=\"http:\/\/joatapinheiro-001-site4.itempurl.com\/wp-content\/uploads\/2022\/11\/PISTA.png\" alt=\"\" class=\"wp-image-617 size-full\" srcset=\"https:\/\/mmc.org.br\/wp-content\/uploads\/2022\/11\/PISTA.png 668w, https:\/\/mmc.org.br\/wp-content\/uploads\/2022\/11\/PISTA-300x212.png 300w\" sizes=\"auto, (max-width: 668px) 100vw, 668px\" \/><\/figure><div class=\"wp-block-media-text__content\">\n<ul class=\"wp-block-list\">\n<li>Se aproximar demais lateralmente dos demais pilotos, principalmente em velocidades superiores a 40 km\/h<\/li>\n\n\n\n<li>Sair para o acostamento sem sinalizar<\/li>\n\n\n\n<li>Cruzar pistas que rodam no mesmo sentido para fazer uma convers\u00e3o<\/li>\n\n\n\n<li>Cruzar pistas em sentido contr\u00e1rio sem aguardar no acostamento<\/li>\n\n\n\n<li>Acelerar ou desacelerar bruscamente sem sinalizar<\/li>\n\n\n\n<li>Bom, essas s\u00e3o situa\u00e7\u00f5es que costumam gerar confus\u00e3o, mas \u00e9 importante sempre estar atento aos movimentos do l\u00edder e do grupo<\/li>\n<\/ul>\n<\/div><\/div>\n\n\n\n<p class=\"has-vivid-green-cyan-color has-text-color has-large-font-size\">REGRAS B\u00c1SICAS PARA COMBOIOS DE MOTOS<\/p>\n\n\n\n<p class=\"has-luminous-vivid-orange-color has-text-color\"><strong>ANTES DO PASSEIO<\/strong><\/p>\n\n\n\n<p>\u2013 Verificar se documentos dos pilotos e das m\u00e1quinas est\u00e1 em dia. Nunca saia em comboio com a documenta\u00e7\u00e3o atrasada.<\/p>\n\n\n\n<p>\u2013 Verificar \u00f3leo, todas as luzes, rela\u00e7\u00e3o da moto, lubrifica\u00e7\u00e3o das correntes, buzina, aspecto geral de cabos de embreagem, acelerador e freios<\/p>\n\n\n\n<p>\u2013 Verifique os freios: pastilhas, lonas, n\u00edvel do fluido, e o estado dos pneus<\/p>\n\n\n\n<p>\u2013 Suspens\u00e3o e bateria tamb\u00e9m devem ser checados<\/p>\n\n\n\n<p class=\"has-luminous-vivid-orange-color has-text-color\"><strong>NO DIA DO PASSEIO<\/strong><\/p>\n\n\n\n<p>\u2013 Estar no ponto de encontro, no hor\u00e1rio marcado para a concentra\u00e7\u00e3o com motos abastecidas e pneus calibrados<\/p>\n\n\n\n<p>\u2013 \u00c9 sempre bom levar capa de chuva ou roupas imperme\u00e1veis<\/p>\n\n\n\n<p>\u2013 Prestar aten\u00e7\u00e3o ao briefing que ser\u00e1 feito pelo l\u00edder do comboio<\/p>\n\n\n\n<p><strong>FORMA\u00c7\u00c3O<\/strong><\/p>\n\n\n\n<p>Sempre manter dist\u00e2ncia de 2 segundos do membro \u00e0 sua frente; manter a dist\u00e2ncia de 1 segundo do membro que est\u00e1 na sua diagonal.<\/p>\n\n\n\n<p>Dica: para calcular essa dist\u00e2ncia, visualize um ponto \u00e0 frente na pista. Na passagem da moto \u00e0 sua frente, conte MIL E UM, MIL E DOIS. Esse \u00e9 o tempo de 2 segundos<\/p>\n\n\n\n<p><strong>A melhor posi\u00e7\u00e3o para rodar nas estradas \u00e9 a forma\u00e7\u00e3o cruzada<\/strong>. \u00c9 a forma\u00e7\u00e3o que favorece a seguran\u00e7a de todos os integrantes uma vez que cada moto ter\u00e1 espa\u00e7o ao seu redor para alguma manobra de emerg\u00eancia.<\/p>\n\n\n\n<p>\u00c9 importante que todas as motocicletas do comboio ocupem a mesma faixa para permitir a livre circula\u00e7\u00e3o dos outros ve\u00edculos.<\/p>\n\n\n\n<p>Observe o desenho abaixo:<\/p>\n\n\n\n<figure class=\"wp-block-image size-full\"><img loading=\"lazy\" decoding=\"async\" width=\"376\" height=\"233\" src=\"http:\/\/joatapinheiro-001-site4.itempurl.com\/wp-content\/uploads\/2022\/11\/moto.png\" alt=\"\" class=\"wp-image-621\" srcset=\"https:\/\/mmc.org.br\/wp-content\/uploads\/2022\/11\/moto.png 376w, https:\/\/mmc.org.br\/wp-content\/uploads\/2022\/11\/moto-300x186.png 300w\" sizes=\"auto, (max-width: 376px) 100vw, 376px\" \/><\/figure>\n\n\n\n<p>Mas algumas vezes, seguindo o crit\u00e9rio do l\u00edder, a forma\u00e7\u00e3o poder\u00e1 ser alterada para uma fila \u00fanica. Normalmente essa forma\u00e7\u00e3o \u00e9 utilizado quando rodamos por estradas mais sinuosas.<\/p>\n\n\n\n<figure class=\"wp-block-image size-full\"><img loading=\"lazy\" decoding=\"async\" width=\"233\" height=\"514\" src=\"http:\/\/joatapinheiro-001-site4.itempurl.com\/wp-content\/uploads\/2022\/11\/moto3.png\" alt=\"\" class=\"wp-image-623\" srcset=\"https:\/\/mmc.org.br\/wp-content\/uploads\/2022\/11\/moto3.png 233w, https:\/\/mmc.org.br\/wp-content\/uploads\/2022\/11\/moto3-136x300.png 136w\" sizes=\"auto, (max-width: 233px) 100vw, 233px\" \/><\/figure>\n\n\n\n<p>Ao adentrar cidades, andando em velocidades bem baixas, n\u00f3s podemos tamb\u00e9m assumir a forma\u00e7\u00e3o lado a lado, pois permite uma melhor compacta\u00e7\u00e3o do grupo.<\/p>\n\n\n\n<p class=\"has-luminous-vivid-orange-color has-text-color\">PRESTE ATEN\u00c7\u00c3O:<\/p>\n\n\n\n<p>\u2013 N\u00e3o sair da forma\u00e7\u00e3o<\/p>\n\n\n\n<p>\u2013 N\u00e3o ficar ziguezagueando<\/p>\n\n\n\n<p>\u2013 N\u00e3o ultrapassar a moto que vem \u00e0 frente<\/p>\n\n\n\n<p>\u2013 N\u00e3o andar lado a lado quando em velocidades superiores a 40 km\/h (a menos que seja uma orienta\u00e7\u00e3o do l\u00edder)<\/p>\n\n\n\n<p>\u2013 N\u00e3o conversar com os companheiros<\/p>\n\n\n\n<p>\u2013 N\u00e3o acelerar nem reduzir bruscamente<\/p>\n\n\n\n<p>\u2013 Utilizar sempre a mesma faixa de rodagem do grupo<\/p>\n\n\n\n<p>\u2013 N\u00e3o ultrapassar o l\u00edder nem fique para tr\u00e1s do ferrolho<\/p>\n\n\n\n<p>\u2013 Mantenha dist\u00e2ncia constante<\/p>\n\n\n\n<p class=\"has-luminous-vivid-orange-color has-text-color\"><strong>ORGANIZA\u00c7\u00c3O DO COMBOIO<\/strong><\/p>\n\n\n\n<p>Os grupos com mais de 6 ou 8 motos em geral necessitam ser organizados. Essa organiza\u00e7\u00e3o come\u00e7a com a escolha do l\u00edder e do ferrolho, ambos devem ser motociclistas experientes.<\/p>\n\n\n\n<p>L\u00edder: deve ser o motociclista que conhece bem os sinais para viagens de moto, e precisa conhecer bem o percurso. Ele fica atento ao deslocamento do grupo e controla a velocidade para que o grupo rode coeso<\/p>\n\n\n\n<p>Ferrolho: normalmente um motociclista mais experiente e que possua uma m\u00e1quina possante, que permita uma r\u00e1pida ultrapassagem para chegar ao l\u00edder, caso alguma das motos precise parar na estrada.<\/p>\n\n\n\n<p>Muito bom quando l\u00edder e ferrolho possuem intercomunicadores, que facilitam a comunica\u00e7\u00e3o entre eles.<\/p>\n\n\n\n<p>Em comboios maiores que 15 ou 16 motos, conv\u00eam tamb\u00e9m nomear um anjo, um motociclista que vai circular em geral ao lado do grupo, garantindo a coes\u00e3o e impedindo que outros ve\u00edculos entrem no meio da forma\u00e7\u00e3o. O anjo dever\u00e1 tamb\u00e9m ficar atento a todos os membros, avisando o l\u00edder sempre que algu\u00e9m precisar parar.<\/p>\n\n\n\n<p>Em comboios maiores, com mais de 25 motos, conv\u00e9m repartir o grupo em v\u00e1rios grupos menores de 10 ou 12 motos. Esses grupos v\u00e3o rodar juntos, na mesma forma\u00e7\u00e3o. O grande problema em grupos grandes \u00e9 dar acesso aos outros ve\u00edculos \u00e0s sa\u00eddas e entradas das estradas. Nesses casos, o grupo pode se abrir para permitir a passagem de outros ve\u00edculos se aproximando novamente assim que poss\u00edvel. Normalmente essa organiza\u00e7\u00e3o \u00e9 feita pelos meios, membros tamb\u00e9m com experi\u00eancia nas estradas, que auxiliam na forma\u00e7\u00e3o do grupo.<\/p>\n\n\n\n<p class=\"has-luminous-vivid-orange-color has-text-color\"><strong>GESTOS PARA VIAGENS DE MOTO EM GRUPO<\/strong><\/p>\n\n\n\n<p>Para facilitar a comunica\u00e7\u00e3o entre os motociclistas, existem alguns gestos que s\u00e3o conhecidos universalmente. Colocamos abaixo os mais comuns e que todos devem conhecer.<\/p>\n\n\n\n<p>O l\u00edder far\u00e1 os gestos para a organiza\u00e7\u00e3o do grupo. Por estar &nbsp;em primeiro lugar, normalmente as situa\u00e7\u00f5es ser\u00e3o sinalizadas primeiro pelo l\u00edder; esses gestos dever\u00e3o ser reproduzidos pelos demais membros do grupo para que os pilotos que v\u00eam mais para tr\u00e1s tamb\u00e9m tenham conhecimento do que se seguir\u00e1\u2026 Mas, caso algu\u00e9m precise parar ou aviste um buraco na pista, ele deve sinalizar para os membros que o seguem.<\/p>\n\n\n\n<figure class=\"wp-block-gallery has-nested-images columns-default is-cropped wp-block-gallery-1 is-layout-flex wp-block-gallery-is-layout-flex\">\n<figure class=\"wp-block-image size-large\"><img loading=\"lazy\" decoding=\"async\" width=\"666\" height=\"788\" data-id=\"622\" src=\"http:\/\/joatapinheiro-001-site4.itempurl.com\/wp-content\/uploads\/2022\/11\/moto2.png\" alt=\"\" class=\"wp-image-622\" srcset=\"https:\/\/mmc.org.br\/wp-content\/uploads\/2022\/11\/moto2.png 666w, https:\/\/mmc.org.br\/wp-content\/uploads\/2022\/11\/moto2-254x300.png 254w\" sizes=\"auto, (max-width: 666px) 100vw, 666px\" \/><\/figure>\n<\/figure>\n","protected":false},"excerpt":{"rendered":"<p>Dicas para viagem REGRAS B\u00c1SICAS PARA COMBOIOS DE MOTOS ANTES DO PASSEIO \u2013 Verificar se documentos dos pilotos e das m\u00e1quinas est\u00e1 em dia. Nunca saia em comboio com a documenta\u00e7\u00e3o atrasada. \u2013 Verificar \u00f3leo, todas as luzes, rela\u00e7\u00e3o da moto, lubrifica\u00e7\u00e3o das correntes, buzina, aspecto geral de cabos de embreagem, acelerador e freios \u2013 [&hellip;]<\/p>\n","protected":false},"author":2,"featured_media":0,"parent":0,"menu_order":0,"comment_status":"closed","ping_status":"closed","template":"","meta":{"footnotes":""},"class_list":["post-210","page","type-page","status-publish","hentry"],"_links":{"self":[{"href":"https:\/\/mmc.org.br\/index.php\/wp-json\/wp\/v2\/pages\/210","targetHints":{"allow":["GET"]}}],"collection":[{"href":"https:\/\/mmc.org.br\/index.php\/wp-json\/wp\/v2\/pages"}],"about":[{"href":"https:\/\/mmc.org.br\/index.php\/wp-json\/wp\/v2\/types\/page"}],"author":[{"embeddable":true,"href":"https:\/\/mmc.org.br\/index.php\/wp-json\/wp\/v2\/users\/2"}],"replies":[{"embeddable":true,"href":"https:\/\/mmc.org.br\/index.php\/wp-json\/wp\/v2\/comments?post=210"}],"version-history":[{"count":26,"href":"https:\/\/mmc.org.br\/index.php\/wp-json\/wp\/v2\/pages\/210\/revisions"}],"predecessor-version":[{"id":653,"href":"https:\/\/mmc.org.br\/index.php\/wp-json\/wp\/v2\/pages\/210\/revisions\/653"}],"wp:attachment":[{"href":"https:\/\/mmc.org.br\/index.php\/wp-json\/wp\/v2\/media?parent=210"}],"curies":[{"name":"wp","href":"https:\/\/api.w.org\/{rel}","templated":true}]}}