{"id":323,"date":"2022-10-29T05:31:58","date_gmt":"2022-10-29T02:31:58","guid":{"rendered":"http:\/\/joatapinheiro-001-site4.itempurl.com\/?page_id=323"},"modified":"2024-07-23T12:23:17","modified_gmt":"2024-07-23T15:23:17","slug":"expediente","status":"publish","type":"page","link":"https:\/\/mmc.org.br\/index.php\/expediente\/","title":{"rendered":"Expediente"},"content":{"rendered":"\n<p>Diretoria Executiva Maverick Motoclub ADM 2021 a 2024.<\/p>\n\n\n\n<div class=\"wp-block-media-text alignwide is-stacked-on-mobile is-vertically-aligned-center is-image-fill has-black-color has-text-color has-background\" style=\"background:linear-gradient(90deg,rgb(238,238,238) 65%,rgb(169,184,195) 100%);grid-template-columns:22% auto\" id=\"Expediente\"><figure class=\"wp-block-media-text__media\" style=\"background-image:url(https:\/\/mmc.org.br\/wp-content\/uploads\/2022\/10\/WhatsApp-Image-2022-10-29-at-15.31.46-768x1024.jpeg);background-position:50% 50%\"><img loading=\"lazy\" decoding=\"async\" width=\"768\" height=\"1024\" src=\"https:\/\/mmc.org.br\/wp-content\/uploads\/2022\/10\/WhatsApp-Image-2022-10-29-at-15.31.46-768x1024.jpeg\" alt=\"\" class=\"wp-image-383 size-medium\" srcset=\"https:\/\/mmc.org.br\/wp-content\/uploads\/2022\/10\/WhatsApp-Image-2022-10-29-at-15.31.46-768x1024.jpeg 768w, https:\/\/mmc.org.br\/wp-content\/uploads\/2022\/10\/WhatsApp-Image-2022-10-29-at-15.31.46-225x300.jpeg 225w, https:\/\/mmc.org.br\/wp-content\/uploads\/2022\/10\/WhatsApp-Image-2022-10-29-at-15.31.46-1152x1536.jpeg 1152w, https:\/\/mmc.org.br\/wp-content\/uploads\/2022\/10\/WhatsApp-Image-2022-10-29-at-15.31.46.jpeg 1200w\" sizes=\"auto, (max-width: 768px) 100vw, 768px\" \/><\/figure><div class=\"wp-block-media-text__content\">\n<p class=\"has-small-font-size\" style=\"font-style:italic;font-weight:500\">Marcos Antonio de Miranda  <\/p>\n\n\n\n<p class=\"has-small-font-size\" style=\"font-style:italic;font-weight:500\">Presidente <\/p>\n\n\n\n<p class=\"has-small-font-size\" style=\"font-style:italic;font-weight:500\">O Maverick Surgiu de uma ideia de um amigo, que atrelada a uma paix\u00e3o em comum em todos nos, \u201co motociclismo\u201d, o Maverick Motoclub se torna realidade, da ideia a paix\u00e3o, surge um ideal que atraiu mais pessoas com um desejo em comum, praticar o motociclismo e seus pilares.&nbsp; Fazer parte da Primeira diretoria ajudando na concep\u00e7\u00e3o dos projetos me deixa muito orgulhoso, pois unidos neste prop\u00f3sito temos condi\u00e7\u00f5es de inspirar pessoas, atrav\u00e9s da pr\u00e1tica do Respeito, da Igualdade e da Fraternidade. &nbsp;Que diz muito ao nosso \u201cjeito de ser\u201d, e ao nosso mote, \u201cSeja a hist\u00f3ria que deseja contar\u201d. &nbsp;Um forte Abra\u00e7o&#8230;<\/p>\n<\/div><\/div>\n\n\n\n<div class=\"wp-block-media-text alignwide is-stacked-on-mobile is-vertically-aligned-center is-image-fill has-black-color has-text-color has-background\" style=\"background:linear-gradient(90deg,rgb(238,238,238) 65%,rgb(169,184,195) 100%);grid-template-columns:22% auto\" id=\"Expediente\"><figure class=\"wp-block-media-text__media\" style=\"background-image:url(https:\/\/mmc.org.br\/wp-content\/uploads\/2024\/07\/s.png);background-position:50% 50%\"><img loading=\"lazy\" decoding=\"async\" width=\"359\" height=\"317\" src=\"https:\/\/mmc.org.br\/wp-content\/uploads\/2024\/07\/s.png\" alt=\"\" class=\"wp-image-829 size-medium\" srcset=\"https:\/\/mmc.org.br\/wp-content\/uploads\/2024\/07\/s.png 359w, https:\/\/mmc.org.br\/wp-content\/uploads\/2024\/07\/s-300x265.png 300w\" sizes=\"auto, (max-width: 359px) 100vw, 359px\" \/><\/figure><div class=\"wp-block-media-text__content\">\n<p class=\"has-small-font-size\" style=\"font-style:italic;font-weight:500\">Shirlei Mendanha <\/p>\n\n\n\n<p class=\"has-small-font-size\" style=\"font-style:italic;font-weight:500\">Vice Presidente <\/p>\n\n\n\n<p class=\"has-small-font-size\" style=\"font-style:italic;font-weight:500\"><\/p>\n<\/div><\/div>\n\n\n\n<div class=\"wp-block-media-text alignwide is-stacked-on-mobile is-vertically-aligned-center is-image-fill has-black-color has-text-color has-background\" style=\"background:linear-gradient(90deg,rgb(238,238,238) 65%,rgb(169,184,195) 100%);grid-template-columns:22% auto\" id=\"Expediente\"><figure class=\"wp-block-media-text__media\" style=\"background-image:url(https:\/\/mmc.org.br\/wp-content\/uploads\/2022\/10\/WhatsApp-Image-2022-10-23-at-22.05.51-1024x766.jpeg);background-position:50% 50%\"><img loading=\"lazy\" decoding=\"async\" width=\"1024\" height=\"766\" src=\"https:\/\/mmc.org.br\/wp-content\/uploads\/2022\/10\/WhatsApp-Image-2022-10-23-at-22.05.51-1024x766.jpeg\" alt=\"\" class=\"wp-image-156 size-medium\" srcset=\"https:\/\/mmc.org.br\/wp-content\/uploads\/2022\/10\/WhatsApp-Image-2022-10-23-at-22.05.51-1024x766.jpeg 1024w, https:\/\/mmc.org.br\/wp-content\/uploads\/2022\/10\/WhatsApp-Image-2022-10-23-at-22.05.51-300x225.jpeg 300w, https:\/\/mmc.org.br\/wp-content\/uploads\/2022\/10\/WhatsApp-Image-2022-10-23-at-22.05.51-768x575.jpeg 768w, https:\/\/mmc.org.br\/wp-content\/uploads\/2022\/10\/WhatsApp-Image-2022-10-23-at-22.05.51.jpeg 1296w\" sizes=\"auto, (max-width: 1024px) 100vw, 1024px\" \/><\/figure><div class=\"wp-block-media-text__content\">\n<p class=\"has-small-font-size\" style=\"font-style:italic;font-weight:500\">Joat\u00e2 Pinheiro <\/p>\n\n\n\n<p class=\"has-small-font-size\" style=\"font-style:italic;font-weight:500\">Diretor Executivo <\/p>\n\n\n\n<p class=\"has-small-font-size\" style=\"font-style:italic;font-weight:500\"><\/p>\n<\/div><\/div>\n\n\n\n<div class=\"wp-block-media-text alignwide is-stacked-on-mobile is-vertically-aligned-center is-image-fill has-black-color has-text-color has-background\" style=\"background:linear-gradient(90deg,rgb(238,238,238) 65%,rgb(169,184,195) 100%);grid-template-columns:22% auto\" id=\"Expediente\"><figure class=\"wp-block-media-text__media\" style=\"background-image:url(https:\/\/mmc.org.br\/wp-content\/uploads\/2022\/10\/WhatsApp-Image-2022-10-29-at-15.31.47-1024x768.jpeg);background-position:50% 50%\"><img loading=\"lazy\" decoding=\"async\" width=\"1024\" height=\"768\" src=\"https:\/\/mmc.org.br\/wp-content\/uploads\/2022\/10\/WhatsApp-Image-2022-10-29-at-15.31.47-1024x768.jpeg\" alt=\"\" class=\"wp-image-391 size-medium\"\/><\/figure><div class=\"wp-block-media-text__content\">\n<p class=\"has-small-font-size\" style=\"font-style:italic;font-weight:500\">Bunyan Pinheiro<\/p>\n\n\n\n<p class=\"has-small-font-size\" style=\"font-style:italic;font-weight:500\">Diretor de Eventos <\/p>\n\n\n\n<p class=\"has-small-font-size\" style=\"font-style:italic;font-weight:500\"><\/p>\n<\/div><\/div>\n\n\n\n<div class=\"wp-block-media-text alignwide is-stacked-on-mobile is-vertically-aligned-center has-black-color has-text-color has-background\" style=\"background:linear-gradient(90deg,rgb(238,238,238) 65%,rgb(169,184,195) 100%);grid-template-columns:22% auto\" id=\"Expediente\"><figure class=\"wp-block-media-text__media\"><img loading=\"lazy\" decoding=\"async\" width=\"112\" height=\"138\" src=\"https:\/\/mmc.org.br\/wp-content\/uploads\/2024\/07\/eduardo.png\" alt=\"\" class=\"wp-image-830 size-medium\"\/><\/figure><div class=\"wp-block-media-text__content\">\n<p class=\"has-small-font-size\" style=\"font-style:italic;font-weight:500\">Eduardo Souza <\/p>\n\n\n\n<p class=\"has-small-font-size\" style=\"font-style:italic;font-weight:500\">Conselho Disciplinar <\/p>\n\n\n\n<p class=\"has-small-font-size\" style=\"font-style:italic;font-weight:500\"><\/p>\n<\/div><\/div>\n\n\n\n<div class=\"wp-block-media-text alignwide is-stacked-on-mobile is-vertically-aligned-center has-black-color has-text-color has-background\" style=\"background:linear-gradient(90deg,rgb(238,238,238) 65%,rgb(169,184,195) 100%);grid-template-columns:22% auto\" id=\"Expediente\"><figure class=\"wp-block-media-text__media\"><img loading=\"lazy\" decoding=\"async\" width=\"1024\" height=\"768\" src=\"https:\/\/mmc.org.br\/wp-content\/uploads\/2024\/07\/WhatsApp-Image-2024-07-23-at-12.20.26-1024x768.jpeg\" alt=\"\" class=\"wp-image-834 size-medium\"\/><\/figure><div class=\"wp-block-media-text__content\">\n<p class=\"has-small-font-size\" style=\"font-style:italic;font-weight:500\">Christiano Wanderley <\/p>\n\n\n\n<p class=\"has-small-font-size\" style=\"font-style:italic;font-weight:500\">Sargento de Armas <\/p>\n\n\n\n<p class=\"has-small-font-size\" style=\"font-style:italic;font-weight:500\"><\/p>\n<\/div><\/div>\n\n\n\n<p><\/p>\n","protected":false},"excerpt":{"rendered":"<p>Diretoria Executiva Maverick Motoclub ADM 2021 a 2024. Marcos Antonio de Miranda Presidente O Maverick Surgiu de uma ideia de um amigo, que atrelada a uma paix\u00e3o em comum em todos nos, \u201co motociclismo\u201d, o Maverick Motoclub se torna realidade, da ideia a paix\u00e3o, surge um ideal que atraiu mais pessoas com um desejo em [&hellip;]<\/p>\n","protected":false},"author":2,"featured_media":383,"parent":0,"menu_order":0,"comment_status":"closed","ping_status":"closed","template":"page-template\/custom-front-page.php","meta":{"footnotes":""},"class_list":["post-323","page","type-page","status-publish","has-post-thumbnail","hentry"],"_links":{"self":[{"href":"https:\/\/mmc.org.br\/index.php\/wp-json\/wp\/v2\/pages\/323","targetHints":{"allow":["GET"]}}],"collection":[{"href":"https:\/\/mmc.org.br\/index.php\/wp-json\/wp\/v2\/pages"}],"about":[{"href":"https:\/\/mmc.org.br\/index.php\/wp-json\/wp\/v2\/types\/page"}],"author":[{"embeddable":true,"href":"https:\/\/mmc.org.br\/index.php\/wp-json\/wp\/v2\/users\/2"}],"replies":[{"embeddable":true,"href":"https:\/\/mmc.org.br\/index.php\/wp-json\/wp\/v2\/comments?post=323"}],"version-history":[{"count":32,"href":"https:\/\/mmc.org.br\/index.php\/wp-json\/wp\/v2\/pages\/323\/revisions"}],"predecessor-version":[{"id":835,"href":"https:\/\/mmc.org.br\/index.php\/wp-json\/wp\/v2\/pages\/323\/revisions\/835"}],"wp:featuredmedia":[{"embeddable":true,"href":"https:\/\/mmc.org.br\/index.php\/wp-json\/wp\/v2\/media\/383"}],"wp:attachment":[{"href":"https:\/\/mmc.org.br\/index.php\/wp-json\/wp\/v2\/media?parent=323"}],"curies":[{"name":"wp","href":"https:\/\/api.w.org\/{rel}","templated":true}]}}